{"id":229,"date":"2020-02-16T15:43:27","date_gmt":"2020-02-16T15:43:27","guid":{"rendered":"http:\/\/192.168.1.254\/?page_id=229"},"modified":"2024-06-12T11:33:01","modified_gmt":"2024-06-12T11:33:01","slug":"video-galerija","status":"publish","type":"page","link":"https:\/\/www.internatsu.edu.rs\/index.php\/video-galerija\/","title":{"rendered":"\u0412\u0438\u0434\u0435\u043e \u0413\u0430\u043b\u0435\u0440\u0438\u0458\u0430"},"content":{"rendered":"\n<p><em>26. \u0420\u0435\u043f\u0443\u0431\u043b\u0438\u0447\u043a\u0438 \u0441\u0443\u0441\u0440\u0435\u0442 \u0434\u043e\u043c\u043e\u0432\u0430 \u0443\u0447\u0435\u043d\u0438\u043a\u0430 \u0441\u0440\u0435\u0434\u045a\u0438\u0445 \u0448\u043a\u043e\u043b\u0430 \u0420\u0435\u043f\u0443\u0431\u043b\u0438\u043a\u0435 \u0421\u0440\u0431\u0438\u0458\u0435 \u0443 \u0441\u043f\u043e\u0440\u0442\u0443<\/em>, <em>\u0421\u0443\u0431\u043e\u0442\u0438\u0446\u0430, 17-19. \u043c\u0430\u0458\u0430 2024.<\/em><\/p>\n\n\n\n<figure class=\"wp-block-embed is-type-video is-provider-youtube wp-block-embed-youtube wp-embed-aspect-16-9 wp-has-aspect-ratio\"><div class=\"wp-block-embed__wrapper\">\n<iframe loading=\"lazy\" title=\"Sportska &quot;Domijada&quot;  maj 2024\" width=\"825\" height=\"464\" src=\"https:\/\/www.youtube.com\/embed\/Ha_gulXSwOI?feature=oembed\" frameborder=\"0\" allow=\"accelerometer; autoplay; clipboard-write; encrypted-media; gyroscope; picture-in-picture; web-share\" referrerpolicy=\"strict-origin-when-cross-origin\" allowfullscreen><\/iframe>\n<\/div><\/figure>\n\n\n\n<p>27. \u0421\u0443\u0441\u0440\u0435\u0442 \u043e\u043c\u043b\u0430\u0434\u0438\u043d\u0435 \u0434\u043e\u043c\u043e\u0432\u0430 \u0443\u0447\u0435\u043d\u0438\u043a\u0430 \u0441\u0440\u0435\u0434\u045a\u0438\u0445 \u0448\u043a\u043e\u043b\u0430 \u0412\u043e\u0458\u0432\u043e\u0434\u0438\u043d\u0435 \u0443 \u043a\u0443\u043b\u0442\u0443\u0440\u043d\u043e-\u0443\u043c\u0435\u0442\u043d\u0438\u0447\u043a\u043e\u043c \u0441\u0442\u0432\u0430\u0440\u0430\u043b\u0430\u0448\u0442\u0432\u0443, 23.03.2024.<\/p>\n\n\n\n<figure class=\"wp-block-embed is-type-video is-provider-youtube wp-block-embed-youtube wp-embed-aspect-16-9 wp-has-aspect-ratio\"><div class=\"wp-block-embed__wrapper\">\n<iframe loading=\"lazy\" title=\"Domijada 2024.\" width=\"825\" height=\"464\" src=\"https:\/\/www.youtube.com\/embed\/MKtGs1N2IZk?feature=oembed\" frameborder=\"0\" allow=\"accelerometer; autoplay; clipboard-write; encrypted-media; gyroscope; picture-in-picture; web-share\" referrerpolicy=\"strict-origin-when-cross-origin\" allowfullscreen><\/iframe>\n<\/div><\/figure>\n\n\n\n<p>\u0414\u043e\u043c \u0443\u0447\u0435\u043d\u0438\u043a\u0430 \u0441\u0440\u0435\u0434\u045a\u0438\u0445 \u0448\u043a\u043e\u043b\u0430 \u0421\u0443\u0431\u043e\u0442\u0438\u0446\u0430 &#8211; \u041f\u0440\u043e\u043c\u043e \u0444\u0438\u043b\u043c 2022.<\/p>\n\n\n\n<figure class=\"wp-block-embed is-type-video is-provider-youtube wp-block-embed-youtube wp-embed-aspect-16-9 wp-has-aspect-ratio\"><div class=\"wp-block-embed__wrapper\">\n<iframe loading=\"lazy\" title=\"Dom u\u010denika srednjih \u0161kola Subotica  promo film 2022.\" width=\"825\" height=\"464\" src=\"https:\/\/www.youtube.com\/embed\/lyw2ZUPQrdY?feature=oembed\" frameborder=\"0\" allow=\"accelerometer; autoplay; clipboard-write; encrypted-media; gyroscope; picture-in-picture; web-share\" referrerpolicy=\"strict-origin-when-cross-origin\" allowfullscreen><\/iframe>\n<\/div><\/figure>\n\n\n\n<p>\u0417\u0430\u0432\u0440\u0448\u043d\u0430 \u0441\u0432\u0435\u0447\u0430\u043d\u043e\u0441\u0442 \u0443 \u0414\u043e\u043c\u0443 \u0443\u0447\u0435\u043d\u0438\u043a\u0430 2022. \u0433\u043e\u0434\u0438\u043d\u0435.<\/p>\n\n\n\n<figure class=\"wp-block-embed is-type-video is-provider-youtube wp-block-embed-youtube wp-embed-aspect-16-9 wp-has-aspect-ratio\"><div class=\"wp-block-embed__wrapper\">\n<iframe loading=\"lazy\" title=\"Dom u\u010denika - zavr\u0161na sve\u010danost \u0161kolske 2022. godine\" width=\"825\" height=\"464\" src=\"https:\/\/www.youtube.com\/embed\/k712ebFpiSU?start=1634&#038;feature=oembed\" frameborder=\"0\" allow=\"accelerometer; autoplay; clipboard-write; encrypted-media; gyroscope; picture-in-picture; web-share\" referrerpolicy=\"strict-origin-when-cross-origin\" allowfullscreen><\/iframe>\n<\/div><\/figure>\n\n\n\n<p>\u0414\u043e\u043c\u0446\u0438 \u043f\u043e\u0458\u0430\u0447\u0430\u043b\u0438 \u0430\u043a\u0442\u0438\u0432\u043d\u043e\u0441\u0442 &#8211; \u043a\u0440\u0430\u0442\u0430\u043a \u0444\u0438\u043b\u043c \u043e \u0441\u0435\u043a\u0446\u0438\u0458\u0430\u043c\u0430 \u0443 \u0414\u043e\u043c\u0443<\/p>\n\n\n\n<figure class=\"wp-block-embed is-type-video is-provider-youtube wp-block-embed-youtube wp-embed-aspect-16-9 wp-has-aspect-ratio\"><div class=\"wp-block-embed__wrapper\">\n<iframe loading=\"lazy\" title=\"Domci poja\u010dali aktivnost\" width=\"825\" height=\"464\" src=\"https:\/\/www.youtube.com\/embed\/SSbIwoj_A9g?start=1&#038;feature=oembed\" frameborder=\"0\" allow=\"accelerometer; autoplay; clipboard-write; encrypted-media; gyroscope; picture-in-picture; web-share\" referrerpolicy=\"strict-origin-when-cross-origin\" allowfullscreen><\/iframe>\n<\/div><\/figure>\n\n\n\n<p>\u0418\u0437 \u0443\u0433\u043b\u0430 \u0458\u0435\u0434\u043d\u0435 \u0434\u0435\u0432\u043e\u0458\u043a\u0435 &#8211; \u041c\u0438\u043b\u043e\u0458\u0435\u0432\u0438\u045b \u0414\u0430\u043d\u0438\u0446\u0430 2018.<\/p>\n\n\n\n<figure class=\"wp-block-embed is-type-video is-provider-youtube wp-block-embed-youtube wp-embed-aspect-16-9 wp-has-aspect-ratio\"><div class=\"wp-block-embed__wrapper\">\n<iframe loading=\"lazy\" title=\"Iz ugla jedne devojke\" width=\"825\" height=\"464\" src=\"https:\/\/www.youtube.com\/embed\/r6lsVpXrQLM?feature=oembed\" frameborder=\"0\" allow=\"accelerometer; autoplay; clipboard-write; encrypted-media; gyroscope; picture-in-picture; web-share\" referrerpolicy=\"strict-origin-when-cross-origin\" allowfullscreen><\/iframe>\n<\/div><\/figure>\n\n\n\n<p>\u0414\u043e\u043c \u0443\u0447\u0435\u043d\u0438\u043a\u0430 \u0441\u0440\u0435\u0434\u045a\u0438\u0445 \u0448\u043a\u043e\u043b\u0430 \u0421\u0443\u0431\u043e\u0442\u0438\u0446\u0430 &#8211; \u0420\u0435\u0444\u0435\u0440\u0435\u043d\u0442\u043d\u0438 \u0444\u0438\u043b\u043c 2016.<\/p>\n\n\n\n<figure class=\"wp-block-embed is-type-video is-provider-youtube wp-block-embed-youtube wp-embed-aspect-4-3 wp-has-aspect-ratio\"><div class=\"wp-block-embed__wrapper\">\n<iframe loading=\"lazy\" title=\"Dom u\u010denika srednjih \u0161kola Subotica - Referentni film 2016.\" width=\"825\" height=\"619\" src=\"https:\/\/www.youtube.com\/embed\/Lz9gnFKLlg8?start=2&#038;feature=oembed\" frameborder=\"0\" allow=\"accelerometer; autoplay; clipboard-write; encrypted-media; gyroscope; picture-in-picture; web-share\" referrerpolicy=\"strict-origin-when-cross-origin\" allowfullscreen><\/iframe>\n<\/div><\/figure>\n","protected":false},"excerpt":{"rendered":"<p>26. \u0420\u0435\u043f\u0443\u0431\u043b\u0438\u0447\u043a\u0438 \u0441\u0443\u0441\u0440\u0435\u0442 \u0434\u043e\u043c\u043e\u0432\u0430 \u0443\u0447\u0435\u043d\u0438\u043a\u0430 \u0441\u0440\u0435\u0434\u045a\u0438\u0445 \u0448\u043a\u043e\u043b\u0430 \u0420\u0435\u043f\u0443\u0431\u043b\u0438\u043a\u0435 \u0421\u0440\u0431\u0438\u0458\u0435 \u0443 \u0441\u043f\u043e\u0440\u0442\u0443, \u0421\u0443\u0431\u043e\u0442\u0438\u0446\u0430, 17-19. \u043c\u0430\u0458\u0430 2024. 27. \u0421\u0443\u0441\u0440\u0435\u0442 \u043e\u043c\u043b\u0430\u0434\u0438\u043d\u0435 \u0434\u043e\u043c\u043e\u0432\u0430 \u0443\u0447\u0435\u043d\u0438\u043a\u0430 \u0441\u0440\u0435\u0434\u045a\u0438\u0445 \u0448\u043a\u043e\u043b\u0430 \u0412\u043e\u0458\u0432\u043e\u0434\u0438\u043d\u0435 \u0443 \u043a\u0443\u043b\u0442\u0443\u0440\u043d\u043e-\u0443\u043c\u0435\u0442\u043d\u0438\u0447\u043a\u043e\u043c \u0441\u0442\u0432\u0430\u0440\u0430\u043b\u0430\u0448\u0442\u0432\u0443, 23.03.2024. \u0414\u043e\u043c \u0443\u0447\u0435\u043d\u0438\u043a\u0430 \u0441\u0440\u0435\u0434\u045a\u0438\u0445 \u0448\u043a\u043e\u043b\u0430 \u0421\u0443\u0431\u043e\u0442\u0438\u0446\u0430 &#8211; \u041f\u0440\u043e\u043c\u043e \u0444\u0438\u043b\u043c 2022. \u0417\u0430\u0432\u0440\u0448\u043d\u0430 \u0441\u0432\u0435\u0447\u0430\u043d\u043e\u0441\u0442 \u0443 \u0414\u043e\u043c\u0443 \u0443\u0447\u0435\u043d\u0438\u043a\u0430 2022. \u0433\u043e\u0434\u0438\u043d\u0435. \u0414\u043e\u043c\u0446\u0438 \u043f\u043e\u0458\u0430\u0447\u0430\u043b\u0438 \u0430\u043a\u0442\u0438\u0432\u043d\u043e\u0441\u0442 &#8211; \u043a\u0440\u0430\u0442\u0430\u043a \u0444\u0438\u043b\u043c \u043e \u0441\u0435\u043a\u0446\u0438\u0458\u0430\u043c\u0430 \u0443 \u0414\u043e\u043c\u0443 \u0418\u0437 \u0443\u0433\u043b\u0430&hellip; <a href=\"https:\/\/www.internatsu.edu.rs\/index.php\/video-galerija\/\" class=\"more-link\">\u041f\u0440\u043e\u0447\u0438\u0442\u0430\u0458\u0442\u0435 \u0432\u0438\u0448\u0435 <span class=\"screen-reader-text\">\u0412\u0438\u0434\u0435\u043e \u0413\u0430\u043b\u0435\u0440\u0438\u0458\u0430<\/span><\/a><\/p>\n","protected":false},"author":1,"featured_media":0,"parent":0,"menu_order":0,"comment_status":"closed","ping_status":"closed","template":"templates\/full-width-page.php","meta":{"footnotes":""},"class_list":["post-229","page","type-page","status-publish","hentry","without-featured-image"],"_links":{"self":[{"href":"https:\/\/www.internatsu.edu.rs\/index.php\/wp-json\/wp\/v2\/pages\/229","targetHints":{"allow":["GET"]}}],"collection":[{"href":"https:\/\/www.internatsu.edu.rs\/index.php\/wp-json\/wp\/v2\/pages"}],"about":[{"href":"https:\/\/www.internatsu.edu.rs\/index.php\/wp-json\/wp\/v2\/types\/page"}],"author":[{"embeddable":true,"href":"https:\/\/www.internatsu.edu.rs\/index.php\/wp-json\/wp\/v2\/users\/1"}],"replies":[{"embeddable":true,"href":"https:\/\/www.internatsu.edu.rs\/index.php\/wp-json\/wp\/v2\/comments?post=229"}],"version-history":[{"count":10,"href":"https:\/\/www.internatsu.edu.rs\/index.php\/wp-json\/wp\/v2\/pages\/229\/revisions"}],"predecessor-version":[{"id":6315,"href":"https:\/\/www.internatsu.edu.rs\/index.php\/wp-json\/wp\/v2\/pages\/229\/revisions\/6315"}],"wp:attachment":[{"href":"https:\/\/www.internatsu.edu.rs\/index.php\/wp-json\/wp\/v2\/media?parent=229"}],"curies":[{"name":"wp","href":"https:\/\/api.w.org\/{rel}","templated":true}]}}